{"id":1257423,"date":"2026-02-24T11:30:03","date_gmt":"2026-02-24T09:30:03","guid":{"rendered":"https:\/\/virtualofficeinestonia.com\/?post_type=product&#038;p=1257423"},"modified":"2026-03-04T08:43:58","modified_gmt":"2026-03-04T06:43:58","slug":"address-in-finland","status":"publish","type":"product","link":"https:\/\/virtualofficeinestonia.com\/et\/product\/address-in-finland\/","title":{"rendered":"Aadress Soomes"},"content":{"rendered":"<h3 data-start=\"1121\" data-end=\"1142\"><span style=\"color: #ff6600;\">Teenus sisaldab<\/span><\/h3>\n<ul>\n<li data-start=\"1144\" data-end=\"1338\">Ametlik aadress Soomes<\/li>\n<li data-start=\"1144\" data-end=\"1338\">Saab kasutada juriidilise isiku ametliku aadressina<\/li>\n<li data-start=\"1144\" data-end=\"1338\">Kirjade ja saadetiste vastuv\u00f5tmine<\/li>\n<li data-start=\"1144\" data-end=\"1338\">Kuni 5 kirja skaneerimine ja edastamine kuus<\/li>\n<\/ul>\n<h2><span style=\"color: #0693e3;\"><strong>Hind on 9 EUR kuus<\/strong><\/span><\/h2>\n<h3><span style=\"color: #ff6600;\"><strong>Arvelduse ja teenuse \u00fcksikasjad:<\/strong><\/span><\/h3>\n<ul>\n<li><strong>Makseperiood<\/strong><br \/>\nArveldusperiood on 12 kuud, tasutakse \u00fchekordse aastamaksuna.<\/li>\n<li><strong>Aastane kogukulu<\/strong><br \/>\nKogukulu on 108 EUR aastas, automaatselt uueneva p\u00fcsitellimusena.<\/li>\n<li><strong>Aadressi v\u00e4\u00e4rtus<\/strong><br \/>\nEsitatud aadress sobib kasutamiseks juriidiliste isikute aadressina Eesti \u00c4riregistris ja seda saab kasutada ka teiste institutsioonidega suhtlemisel.<\/li>\n<li><strong>Aadressi isiklik kasutus<\/strong><br \/>\nF\u00fc\u00fcsiline isik v\u00f5ib seda aadressi kasutada ka kontaktaadressina Eestis, n\u00e4iteks otsetarnete, Amazoni tellimuste v\u00f5i sarnaste vajaduste jaoks.<\/li>\n<li><strong>Varjatud kulud puuduvad<\/strong><br \/>\nSelge hinnastus ilma ootamatute lisakuludeta.<\/li>\n<\/ul>","protected":false},"excerpt":{"rendered":"<p data-start=\"434\" data-end=\"664\">Establish your company\u2019s official presence in Finland with our reliable and compliant registered office service.<\/p>\n<p data-start=\"434\" data-end=\"664\">This service provides a legally valid Finnish business address for company registration in the Finnish Trade Register and for communication with authorities and business partners.<\/p>\n<p data-start=\"434\" data-end=\"664\">It is ideal for startups, international founders, and location-independent entrepreneurs seeking a professional and cost-effective address solution in Finland.<\/p>\n<p data-start=\"1144\" data-end=\"1338\">","protected":false},"featured_media":1257437,"template":"","meta":{"jetpack_post_was_ever_published":false},"product_brand":[],"product_cat":[282],"product_tag":[603,405,602],"class_list":{"0":"post-1257423","1":"product","2":"type-product","3":"status-publish","4":"has-post-thumbnail","6":"product_cat-starting-a-business","7":"product_tag-address","8":"product_tag-eu","9":"product_tag-finland","11":"first","12":"instock","13":"virtual","14":"purchasable","15":"product-type-simple"},"jetpack_likes_enabled":false,"jetpack_sharing_enabled":false,"_links":{"self":[{"href":"https:\/\/virtualofficeinestonia.com\/et\/wp-json\/wp\/v2\/product\/1257423","targetHints":{"allow":["GET"]}}],"collection":[{"href":"https:\/\/virtualofficeinestonia.com\/et\/wp-json\/wp\/v2\/product"}],"about":[{"href":"https:\/\/virtualofficeinestonia.com\/et\/wp-json\/wp\/v2\/types\/product"}],"wp:featuredmedia":[{"embeddable":true,"href":"https:\/\/virtualofficeinestonia.com\/et\/wp-json\/wp\/v2\/media\/1257437"}],"wp:attachment":[{"href":"https:\/\/virtualofficeinestonia.com\/et\/wp-json\/wp\/v2\/media?parent=1257423"}],"wp:term":[{"taxonomy":"product_brand","embeddable":true,"href":"https:\/\/virtualofficeinestonia.com\/et\/wp-json\/wp\/v2\/product_brand?post=1257423"},{"taxonomy":"product_cat","embeddable":true,"href":"https:\/\/virtualofficeinestonia.com\/et\/wp-json\/wp\/v2\/product_cat?post=1257423"},{"taxonomy":"product_tag","embeddable":true,"href":"https:\/\/virtualofficeinestonia.com\/et\/wp-json\/wp\/v2\/product_tag?post=1257423"}],"curies":[{"name":"wp","href":"https:\/\/api.w.org\/{rel}","templated":true}]}}