{"id":158,"date":"2017-08-03T12:02:17","date_gmt":"2017-08-03T12:02:17","guid":{"rendered":"https:\/\/virtualofficeinestonia.com\/?page_id=158"},"modified":"2025-12-29T11:01:21","modified_gmt":"2025-12-29T09:01:21","slug":"privacy-policy","status":"publish","type":"page","link":"https:\/\/virtualofficeinestonia.com\/et\/privacy-policy\/","title":{"rendered":"Privaatsuspoliitika"},"content":{"rendered":"<h3><span style=\"color: #0693e3;\"><strong>J\u00e4tkates saidi kasutamist, n\u00f5ustute k\u00fcpsiste kasutamisega<\/strong><\/span><\/h3>\n<p class=\"p1\">Teie isikuandmete kaitsmine on midagi, mille nimel me iga p\u00e4ev k\u00f5vasti t\u00f6\u00f6d teeme. Eelk\u00f5ige t\u00e4hendab see nende pidevat turvalisust, n\u00f5uetekohast t\u00f6\u00f6tlemist ja l\u00e4bipaistvust selle osas, kuidas me seda teeme, t\u00e4ielikult koosk\u00f5las ELi isikuandmete kaitse \u00fcldm\u00e4\u00e4rusega (GDPR).<\/p>\n<h4 class=\"p1\"><strong><span class=\"s1\">Mida see poliitika h\u00f5lmab?<\/span><\/strong><\/h4>\n<p class=\"p1\"><span class=\"s1\">Me austame kasutajate privaatsus\u00f5igusi ja m\u00f5istame klientide kohta kogutud teabe kaitsmise ja k\u00e4itlemise olulisust vastavalt kehtivatele seadustele ja parimatele tavadele.<\/span><\/p>\n<p class=\"p1\"><span class=\"s1\">Meie privaatsuspoliitika selgitab teile, kuidas teie teavet, sealhulgas teie isikuandmeid, kogutakse, kasutatakse, s\u00e4ilitatakse ja avalikustatakse, ning annab teile teavet teie \u00f5iguste kohta seoses teie isikuandmetega ja selle kohta, kuidas me neid t\u00f6\u00f6tleme.<\/span><\/p>\n<p class=\"p1\"><span class=\"s1\">See privaatsuspoliitika kehtib teabe kohta, mida me kogume, kui te kasutate meie veebisaidil pakutavaid teenuseid v\u00f5i kui te muul viisil meiega suhtlete.<\/span><\/p>\n<h4 class=\"p1\"><strong><span class=\"s1\">Teie n\u00f5usolek teie isikuandmete t\u00f6\u00f6tlemiseks<\/span><\/strong><\/h4>\n<p class=\"p1\"><span class=\"s1\">Te n\u00f5ustute, et meie saidile v\u00f5i teenustele juurde p\u00e4\u00e4sedes ja neid kasutades annate n\u00f5usoleku oma isikuandmete kogumiseks, salvestamiseks, s\u00e4ilitamiseks, avalikustamiseks, kustutamiseks ja h\u00e4vitamiseks, samuti oma isikuandmete t\u00f6\u00f6tlemiseks mis tahes muul viisil k\u00e4esolevas privaatsuspoliitikas s\u00e4testatud ulatuses ja eesm\u00e4rkidel.<\/span><\/p>\n<p class=\"p1\"><span class=\"s1\">Te v\u00f5ite oma n\u00f5usoleku igal ajal tagasi v\u00f5tta; sellisel tagasiv\u00f5tmisel ei ole aga tagasiulatuvat j\u00f5udu.<\/span><\/p>\n<p class=\"p1\"><span class=\"s1\">Pidage meeles, et kui te v\u00f5tate tagasi oma n\u00f5usoleku oma isikuandmete t\u00f6\u00f6tlemiseks, ei pruugi meil olla v\u00f5imalik teile kokkulepitud teenuseid osutada ja v\u00f5ime olla sunnitud teiega lepingu l\u00f5petama, v\u00e4lja arvatud juhul, kui te v\u00f5tate tagasi ainult n\u00f5usoleku oma andmete kasutamiseks otseturunduse eesm\u00e4rgil, millel ei ole mingit m\u00f5ju lepingule ega meie teenuste kasutamise v\u00f5imalusele.<\/span><\/p>\n<p class=\"p1\"><span class=\"s1\">Seadusega lubatud juhtudel on meil \u00f5igus teie isikuandmeid t\u00f6\u00f6delda ilma teie n\u00f5usolekuta (nt teiega s\u00f5lmitud lepingu t\u00e4itmiseks v\u00f5i t\u00e4itmise tagamiseks).<\/span><\/p>\n<p class=\"p1\">Kui esitate teavet teise isiku kohta, kinnitate, et see teine \u200b\u200bisik on teid volitanud tema nimel tegutsema ja andnud n\u00f5usoleku oma isikuandmete t\u00f6\u00f6tlemiseks ning et olete teda teavitanud k\u00e4esolevast privaatsuspoliitikast, mille kohaselt tema isikuandmeid t\u00f6\u00f6deldakse.<\/p>\n<h4 class=\"p1\"><strong><span class=\"s1\">Isiklik teave<\/span><\/strong><\/h4>\n<p class=\"p1\"><span class=\"s1\">Kui tellite meie teenuseid v\u00f5i registreerite meie juures konto, muudate oma kasutajaprofiili, tellite uudiskirja v\u00f5i isegi kohtute meie esindajaga, v\u00f5ime paluda teil esitada meile oma isikuandmeid, nagu teie nimi, e-posti aadress, telefoninumber, postiaadress ja postiindeks jne, samuti krediitkaardi v\u00f5i muu arveldusinfo (edaspidi \u201eisikuandmed\u201c).<\/span><\/p>\n<p class=\"p1\"><span class=\"s1\">Teie isikuandmed on vajalikud teiega Lepingu s\u00f5lmimiseks ja t\u00e4itmiseks, teie tuvastamiseks ja teie juurdep\u00e4\u00e4su lubamiseks Teenustele, samuti teiega Teenuste ja Lepingu osas suhtlemiseks (nt tehniliste teadete, v\u00e4rskenduste, turvahoiatuste, tugi- ja halduss\u00f5numite, ostukinnituste ja arvete saatmiseks, teie kommentaaridele, k\u00fcsimustele ja taotlustele vastamiseks ning klienditeeninduse ja toe pakkumiseks). Kasutame teie isikuandmeid ka statistilistel ja anal\u00fc\u00fctilistel eesm\u00e4rkidel, et oma \u00e4riprotsesse ja Teenuseid vastavalt arendada.<\/span><\/p>\n<p class=\"p1\">Samuti v\u00f5ime vajada teie isikuandmete kasutamist petturlike tehingute, teenustele volitamata juurdep\u00e4\u00e4su v\u00f5i muu ebaseadusliku tegevuse uurimiseks ja ennetamiseks.<\/p>\n<p class=\"p1\"><span class=\"s1\">Kui olete andnud oma n\u00f5usoleku v\u00f5i kui seadus lubab, kasutame teie isikuandmeid turunduslikel eesm\u00e4rkidel, sealhulgas teavitades teid perioodiliselt teenustest ja funktsioonidest, uudiskirjadest, pakkumistest, s\u00fcndmustest ning muudest uudistest v\u00f5i teabest meie partnerite ja meie kohta.<\/span><\/p>\n<h4 class=\"p1\"><strong><span class=\"s1\">Automaatselt kogutud teave<\/span><\/strong><\/h4>\n<p class=\"p1\"><span class=\"s1\">J\u00e4lgime kasutajate tegevust seoses meie teenustega ja seet\u00f5ttu v\u00f5ime koguda ja logida teavet k\u00f5igi toimingute kohta, mis on seotud teie sisule juurdep\u00e4\u00e4su ja selle kasutamisega meie teenustes, sealhulgas teavet teie kasutatavate rakenduste ja funktsioonide, k\u00fclastatavate veebisaitide ning meie teenuste kasutamise ajal \u00fcles laaditud, alla laaditud, jagatud v\u00f5i juurde p\u00e4\u00e4setud failide v\u00f5i kaustade kohta, teie IP-aadressi, internetiteenuse pakkuja, teenustele juurdep\u00e4\u00e4su aja, brauseri t\u00fc\u00fcbi ja keele ning seadme kohta, mida teenustele juurdep\u00e4\u00e4suks ja nende kasutamiseks kasutate.<\/span><\/p>\n<p class=\"p1\"><span class=\"s1\">Kasutame teabe kogumiseks ja teie eristamiseks meie saidi teistest kasutajatest mitmesuguseid j\u00e4lgimistehnoloogiaid (nt k\u00fcpsiseid). Lisateavet k\u00fcpsiste ja muude j\u00e4lgimistehnoloogiate kohta leiate allpool olevast jaotisest \u201eK\u00fcpsised\u201c.<\/span><\/p>\n<h4 class=\"p1\"><strong><span class=\"s1\">Teabe salvestamine<\/span><\/strong><\/h4>\n<p class=\"p1\"><span class=\"s1\">Meie asukoht on Eesti Vabariigis. Teenuste osutamiseks v\u00f5ime aga teie isikuandmeid ja sisu s\u00e4ilitada ja t\u00f6\u00f6delda \u00fcle maailma.<\/span><\/p>\n<h4 class=\"p1\"><strong><span class=\"s1\">K\u00fcpsised<\/span><\/strong><\/h4>\n<p class=\"p1\"><span class=\"s1\">K\u00fcpsised on v\u00e4ikesed andmefailid, mis saadetakse teie brauserisse ja salvestatakse teie arvuti k\u00f5vakettale, kui k\u00fclastate veebisaiti.<\/span><\/p>\n<p class=\"p1\"><span class=\"s1\">Kasutame funktsionaalseid k\u00fcpsiseid, et veebisait toimiks teie ootusp\u00e4raselt. Teatud funktsionaalsed k\u00fcpsised on vajalikud veebisaidil navigeerimiseks ja teenuste kasutamiseks. Teised funktsionaalsed k\u00fcpsised aitavad meil teid ja teie eelistusi (nt teie keel ja piirkond v\u00f5i sisselogimise olek) \u00e4ra tunda ja meelde j\u00e4tta.<\/span><\/p>\n<p class=\"p1\"><span class=\"s1\">Kasutame anal\u00fc\u00fctikak\u00fcpsiseid, et m\u00f5ista, kuidas te meie veebisaiti kasutate. Anal\u00fc\u00fctikat\u00f6\u00f6riistad ei anna meile isiklikku teavet, mis paljastaks teie tegeliku identiteedi. Need annavad meile teada, kas olete varem meie veebisaiti k\u00fclastanud, kuidas te sellele j\u00f5udsite, kui kaua te seal viibisite ja milliseid lehti k\u00fclastasite. Samuti v\u00f5ivad need anda meile \u00fcldist teavet kasutaja asukoha kohta.<\/span><\/p>\n<p class=\"p1\"><span class=\"s1\">Saate k\u00fcpsiste salvestamise oma seadmesse keelata, muutes oma veebibrauseri privaatsusseadeid. Pange t\u00e4hele, et k\u00f5igi k\u00fcpsiste blokeerimine v\u00f5ib aidata teie privaatsust kaitsta, kuid see v\u00f5ib ka piirata teie v\u00f5imet meie teenuseid kasutada.<\/span><\/p>\n<h4 class=\"p1\"><strong><span class=\"s1\">Teie \u00f5igused seoses isikuandmete t\u00f6\u00f6tlemisega<\/span><\/strong><\/h4>\n<p class=\"p1\">Kui olete eraisik, on teil andmesubjektina teatud \u00f5igused, mis on tagatud Eesti isikuandmete kaitse seadusega.<\/p>\n<p class=\"p1\">Teil on \u00f5igus saada teavet oma isikuandmete t\u00f6\u00f6tlemise ja teiega seotud isikuandmete kohta, v\u00e4lja arvatud juhul, kui see \u00f5igus on seadusega piiratud.<\/p>\n<p class=\"p1\"><span class=\"s1\">Juhul kui teie isikuandmed on aegunud v\u00f5i muul p\u00f5hjusel eba\u00f5iged, on teil \u00f5igus n\u00f5uda teid puudutavate ebat\u00e4psete isikuandmete parandamist.<\/span><\/p>\n<p class=\"p1\"><span class=\"s1\">Juhul, kui teie isikuandmete t\u00f6\u00f6tlemine ei ole seaduse alusel lubatud, on teil \u00f5igus n\u00f5uda oma isikuandmete t\u00f6\u00f6tlemise l\u00f5petamist, samuti kogutud isikuandmete kustutamist v\u00f5i sulgemist.<\/span><\/p>\n<p class=\"p1\"><span class=\"s1\">Teil on \u00f5igus igal ajal tagasi v\u00f5tta meile antud n\u00f5usolek isikuandmete t\u00f6\u00f6tlemiseks, sealhulgas \u00f5igus igal ajal keelata oma isikuandmete t\u00f6\u00f6tlemine tarbijaharjumuste uurimise v\u00f5i otseturunduse eesm\u00e4rgil ning andmete edastamine kolmandatele isikutele, kes kavatsevad neid andmeid n\u00e4ha tarbijaharjumuste uurimise v\u00f5i otseturunduse eesm\u00e4rgil. <\/span><span class=\"s1\">N\u00f5usoleku tagasiv\u00f5tmisel ei ole aga tagasiulatuvat j\u00f5udu. Samuti ei v\u00e4lista tagasiv\u00f5tmine meie \u00f5igust j\u00e4tkata teie isikuandmete t\u00f6\u00f6tlemist juriidiliste kohustuste t\u00e4itmiseks v\u00f5i teiega s\u00f5lmitud lepingu t\u00e4itmiseks.<\/span><\/p>\n<h4 class=\"p1\"><strong><span class=\"s1\">Muudatused poliitikas<\/span><\/strong><\/h4>\n<p class=\"p1\"><span class=\"s1\">Meil on \u00f5igus seda privaatsuspoliitikat aeg-ajalt muuta. Privaatsuspoliitika uusim versioon koos viimase v\u00e4rskenduse kuup\u00e4evaga on saadaval meie veebisaidil. Muudatuste korral teavitame oma kasutajaid eelseisvatest muudatustest meie veebisaidi ja\/v\u00f5i e-posti teel.<\/span><\/p>","protected":false},"excerpt":{"rendered":"<p>By continuing to use the site, you agree to the use of cookies Protecting your personal data is something we work hard on every day. Above all, that means always keeping it secure, processing it properly, and being transparent about how we do so, fully in keeping with the EU\u2019s General Data Protection Regulation (GDPR). [&hellip;]<\/p>\n","protected":false},"author":1,"featured_media":0,"parent":0,"menu_order":0,"comment_status":"closed","ping_status":"closed","template":"","meta":{"jetpack_post_was_ever_published":false,"footnotes":""},"class_list":["post-158","page","type-page","status-publish","hentry"],"jetpack_likes_enabled":false,"jetpack_sharing_enabled":true,"_links":{"self":[{"href":"https:\/\/virtualofficeinestonia.com\/et\/wp-json\/wp\/v2\/pages\/158","targetHints":{"allow":["GET"]}}],"collection":[{"href":"https:\/\/virtualofficeinestonia.com\/et\/wp-json\/wp\/v2\/pages"}],"about":[{"href":"https:\/\/virtualofficeinestonia.com\/et\/wp-json\/wp\/v2\/types\/page"}],"author":[{"embeddable":true,"href":"https:\/\/virtualofficeinestonia.com\/et\/wp-json\/wp\/v2\/users\/1"}],"replies":[{"embeddable":true,"href":"https:\/\/virtualofficeinestonia.com\/et\/wp-json\/wp\/v2\/comments?post=158"}],"version-history":[{"count":0,"href":"https:\/\/virtualofficeinestonia.com\/et\/wp-json\/wp\/v2\/pages\/158\/revisions"}],"wp:attachment":[{"href":"https:\/\/virtualofficeinestonia.com\/et\/wp-json\/wp\/v2\/media?parent=158"}],"curies":[{"name":"wp","href":"https:\/\/api.w.org\/{rel}","templated":true}]}}