{"id":1254984,"date":"2025-02-13T14:36:22","date_gmt":"2025-02-13T12:36:22","guid":{"rendered":"https:\/\/virtualofficeinestonia.com\/?page_id=1254984"},"modified":"2026-02-27T18:41:04","modified_gmt":"2026-02-27T16:41:04","slug":"expertise-in-estonian-finnish-and-latvian-markets","status":"publish","type":"page","link":"https:\/\/virtualofficeinestonia.com\/et\/expertise-in-estonian-finnish-and-latvian-markets\/","title":{"rendered":"Kogemused Eestis"},"content":{"rendered":"<p class=\"has-vivid-cyan-blue-color has-text-color has-link-color has-medium-font-size wp-elements-32d68cb588ad1933f201b7f13c457e74\"><strong>With a strong focus on Estonia and its neighboring markets<\/strong><\/p>\n\n\n\n<p class=\"has-senary-color has-text-color has-link-color wp-elements-4c3e8cb7cf74b9214f93ed3865e91aa9\">Keskendudes tugevalt Eestile ja selle naaberturgudele, toetame ettev\u00f5tjaid, e-residente ja rahvusvahelisi ettev\u00f5tteid praktiliste lahendustega, mis lihtsustavad ja tagavad piiri\u00fcleste toimingute vastavuse n\u00f5uetele.<\/p>\n\n\n\n<p>Meie ulatuslikud turuteadmised v\u00f5imaldavad meil t\u00f5husalt navigeerida ja kohaneda muutuva \u00e4rimaastikuga. Me m\u00f5istame, et uude jurisdiktsiooni sisenemine n\u00f5uab enamat kui lihtsalt paberimajandust \u2013 see n\u00f5uab selgust, kohalikku usaldusv\u00e4\u00e4rsust ja struktureeritud protsesse.<\/p>\n\n\n\n<p>Lisaks p\u00f5hiteenustele Eestis tegutseme ka Soomes ja L\u00e4tis. Praegu pakume registreeritud aadressi teenuseid Soomes ja L\u00e4tis ning Soomes pakume ka kontaktisiku tuge (lis\u00e4j\u00e4sen).<\/p>\n\n\n\n<p class=\"has-septenary-color has-text-color has-link-color has-medium-font-size wp-elements-ae679d1dd0a9e0f8ffdbab41e105e9bb\"><strong>Olenemata sellest, kas sisenete alles turule v\u00f5i optimeerite oma olemasolevaid tegevusi, tagavad meie paindlikkus ja strateegiline l\u00e4henemine, et p\u00fcsite d\u00fcnaamilises \u00e4rikeskkonnas teistest ees.<\/strong><\/p>","protected":false},"excerpt":{"rendered":"<p>With a strong focus on Estonia and its neighboring markets With a strong focus on Estonia and its neighboring markets, we support entrepreneurs, e-residents, and international businesses with practical solutions that streamline and ensure compliance for cross-border operations. Our extensive market knowledge enables us to navigate and adapt to evolving business landscapes efficiently. We understand [&hellip;]<\/p>\n","protected":false},"author":1,"featured_media":0,"parent":0,"menu_order":0,"comment_status":"closed","ping_status":"closed","template":"","meta":{"jetpack_post_was_ever_published":false,"footnotes":""},"class_list":["post-1254984","page","type-page","status-publish","hentry"],"jetpack_likes_enabled":false,"jetpack_sharing_enabled":true,"_links":{"self":[{"href":"https:\/\/virtualofficeinestonia.com\/et\/wp-json\/wp\/v2\/pages\/1254984","targetHints":{"allow":["GET"]}}],"collection":[{"href":"https:\/\/virtualofficeinestonia.com\/et\/wp-json\/wp\/v2\/pages"}],"about":[{"href":"https:\/\/virtualofficeinestonia.com\/et\/wp-json\/wp\/v2\/types\/page"}],"author":[{"embeddable":true,"href":"https:\/\/virtualofficeinestonia.com\/et\/wp-json\/wp\/v2\/users\/1"}],"replies":[{"embeddable":true,"href":"https:\/\/virtualofficeinestonia.com\/et\/wp-json\/wp\/v2\/comments?post=1254984"}],"version-history":[{"count":0,"href":"https:\/\/virtualofficeinestonia.com\/et\/wp-json\/wp\/v2\/pages\/1254984\/revisions"}],"wp:attachment":[{"href":"https:\/\/virtualofficeinestonia.com\/et\/wp-json\/wp\/v2\/media?parent=1254984"}],"curies":[{"name":"wp","href":"https:\/\/api.w.org\/{rel}","templated":true}]}}