{"id":1254980,"date":"2025-02-13T14:31:43","date_gmt":"2025-02-13T12:31:43","guid":{"rendered":"https:\/\/virtualofficeinestonia.com\/?page_id=1254980"},"modified":"2026-01-23T09:33:46","modified_gmt":"2026-01-23T07:33:46","slug":"extensive-experience-in-business-and-innovation","status":"publish","type":"page","link":"https:\/\/virtualofficeinestonia.com\/et\/extensive-experience-in-business-and-innovation\/","title":{"rendered":"Laialdased kogemused \u00e4ri ja innovatsiooni valdkonnas"},"content":{"rendered":"<p class=\"has-vivid-cyan-blue-color has-text-color has-link-color has-medium-font-size wp-elements-c3f0fc737543f439350cfbcf80f6ec94\"><strong>\u00dcle 20 aasta ettev\u00f5tluskogemust<\/strong><\/p>\n\n\n\n<p><strong>Oleme omandanud s\u00fcgava arusaama t\u00e4nap\u00e4evaste ettev\u00f5tete, sealhulgas e-residentide, diginomaadide ja vabakutseliste ainulaadsetest vajadustest. <\/strong><\/p>\n\n\n\n<p>Meie kogemused <span style=\"box-sizing: border-box; margin: 0px; padding: 0px;\">h\u00f5lmavad nii avalikku kui ka erasektorit, v\u00f5imaldades meil keerulises regulatiivses maastikus orienteeruda ja saavutada strateegilisi tulemusi.<\/span> strategic business solutions.<\/p>\n\n\n\n<p>Meie p\u00fchendumust tipptasemele on tunnustatud <span style=\"box-sizing: border-box; margin: 0px; padding: 0px;\">Euroopa Liidu \u00e4riv\u00f5istlustel, sealhulgas auhinnaga<\/span> Euroopa V\u00e4ikeettev\u00f5tete Harta 2006. aastal. See saavutus r\u00f5hutab meie uuenduslikku l\u00e4henemist globaalsete ettev\u00f5tete toetamisele ja sujuva kogemuse tagamisele nii Eestis kui ka mujal tegutsevatele inimestele.<\/p>\n\n\n\n<p class=\"has-septenary-color has-text-color has-link-color has-medium-font-size wp-elements-c63597234b7370bf3ff1e2341b8775ee\"><strong>Olenemata sellest, kas asutate ettev\u00f5tet, juhite tegevust kaugjuhtimise teel v\u00f5i laiendate oma \u00e4ritegevust Eestis, pakume laialdasi teadmisi ja t\u00f5estatud tulemusi, et aidata teil oma eesm\u00e4rke saavutada.<\/strong><\/p>","protected":false},"excerpt":{"rendered":"<p>With over 20 years of entrepreneurial experience We have developed a deep understanding of the unique needs of modern businesses, including e-residents, digital nomads, and freelancers. Our expertise spans both the\u00a0public and private sectors, enabling us to navigate complex regulatory landscapes and deliver strategic business solutions. Our commitment to excellence has been recognized in\u00a0European Union [&hellip;]<\/p>\n","protected":false},"author":1,"featured_media":0,"parent":0,"menu_order":0,"comment_status":"closed","ping_status":"closed","template":"","meta":{"jetpack_post_was_ever_published":false,"footnotes":""},"class_list":["post-1254980","page","type-page","status-publish","hentry"],"jetpack_likes_enabled":false,"jetpack_sharing_enabled":true,"_links":{"self":[{"href":"https:\/\/virtualofficeinestonia.com\/et\/wp-json\/wp\/v2\/pages\/1254980","targetHints":{"allow":["GET"]}}],"collection":[{"href":"https:\/\/virtualofficeinestonia.com\/et\/wp-json\/wp\/v2\/pages"}],"about":[{"href":"https:\/\/virtualofficeinestonia.com\/et\/wp-json\/wp\/v2\/types\/page"}],"author":[{"embeddable":true,"href":"https:\/\/virtualofficeinestonia.com\/et\/wp-json\/wp\/v2\/users\/1"}],"replies":[{"embeddable":true,"href":"https:\/\/virtualofficeinestonia.com\/et\/wp-json\/wp\/v2\/comments?post=1254980"}],"version-history":[{"count":0,"href":"https:\/\/virtualofficeinestonia.com\/et\/wp-json\/wp\/v2\/pages\/1254980\/revisions"}],"wp:attachment":[{"href":"https:\/\/virtualofficeinestonia.com\/et\/wp-json\/wp\/v2\/media?parent=1254980"}],"curies":[{"name":"wp","href":"https:\/\/api.w.org\/{rel}","templated":true}]}}