{"id":1253903,"date":"2024-09-04T03:12:21","date_gmt":"2024-09-04T00:12:21","guid":{"rendered":"https:\/\/virtualofficeinestonia.com\/?page_id=1253903"},"modified":"2026-01-26T11:17:58","modified_gmt":"2026-01-26T09:17:58","slug":"popular-products","status":"publish","type":"page","link":"https:\/\/virtualofficeinestonia.com\/et\/popular-products\/","title":{"rendered":"Popimad teenused"},"content":{"rendered":"<p class=\"has-vivid-cyan-blue-color has-text-color has-link-color has-large-font-size wp-elements-504e02e21c15a1869606548389cbc754\"><strong>Meie populaarseimad pakkumised<\/strong><\/p>\n\n\n\n<p>Need on hoolikalt kohandatud vastama meie klientide, sealhulgas e-residentide, diginomaadide ja vabakutseliste spetsiifilistele vajadustele. <\/p>\n\n\n\n<p>Olenemata sellest, kas oled alustav ettev\u00f5tja v\u00f5i laiendad oma ettev\u00f5tet, on need meie klientide eelistatuimad valikud seni.<\/p>\n\n\n\n<hr class=\"wp-block-separator has-alpha-channel-opacity is-style-dots\"\/>\n\n\n<div data-block-name=\"woocommerce\/product-best-sellers\" class=\"wc-block-grid wp-block-product-best-sellers wp-block-woocommerce-product-best-sellers wc-block-product-best-sellers has-3-columns has-multiple-rows\"><ul class=\"wc-block-grid__products\"><li class=\"wc-block-grid__product\">\n\t\t\t\t<a href=\"https:\/\/virtualofficeinestonia.com\/et\/product\/package-one\/\" class=\"wc-block-grid__product-link\">\n\t\t\t\t\t<div class=\"wc-block-grid__product-onsale\">\n\t\t\t<span aria-hidden=\"true\" data-no-translation=\"\" data-trp-gettext=\"\">Allahindlus<\/span>\n\t\t\t<span class=\"screen-reader-text\" data-no-translation=\"\" data-trp-gettext=\"\">Soodusm\u00fc\u00fcgis toode<\/span>\n\t\t<\/div>\n\t\t\t\t\t<div class=\"wc-block-grid__product-image\"><img loading=\"lazy\" decoding=\"async\" width=\"250\" height=\"250\" src=\"https:\/\/virtualofficeinestonia.com\/wp-content\/uploads\/2017\/08\/Package-ONE-300x300-1-jpg-250x250.webp\" class=\"attachment-woocommerce_thumbnail size-woocommerce_thumbnail\" alt=\"Package ONE\" srcset=\"https:\/\/virtualofficeinestonia.com\/wp-content\/uploads\/2017\/08\/Package-ONE-300x300-1-250x250.jpg 250w, https:\/\/virtualofficeinestonia.com\/wp-content\/uploads\/2017\/08\/Package-ONE-300x300-1-100x100.jpg 100w, https:\/\/virtualofficeinestonia.com\/wp-content\/uploads\/2017\/08\/Package-ONE-300x300-1-jpg.webp 300w, https:\/\/virtualofficeinestonia.com\/wp-content\/uploads\/2017\/08\/Package-ONE-300x300-1-150x150.jpg 150w\" sizes=\"auto, (max-width: 250px) 100vw, 250px\" \/><\/div>\n\t\t\t\t\t<div class=\"wc-block-grid__product-title\">Package ONE<\/div>\n\t\t\t\t<\/a>\n\t\t\t\t<div class=\"wc-block-grid__product-price price\"><del aria-hidden=\"true\"><span class=\"woocommerce-Price-amount amount\">90.00<span class=\"woocommerce-Price-currencySymbol\">&euro;<\/span><\/span><\/del> <span class=\"screen-reader-text\" data-no-translation=\"\" data-trp-gettext=\"\">Algne hind oli: 90.00&euro;.<\/span><ins aria-hidden=\"true\"><span class=\"woocommerce-Price-amount amount\">60.00<span class=\"woocommerce-Price-currencySymbol\">&euro;<\/span><\/span><\/ins><span class=\"screen-reader-text\" data-no-translation=\"\" data-trp-gettext=\"\">Current price is: 60.00&euro;.<\/span> <span class=\"subscription-details\"> \/ year<\/span><\/div>\n\t\t\t\t\n\t\t\t\t<div class=\"wp-block-button wc-block-grid__product-add-to-cart\"><a href=\"\/et\/wp-json\/wp\/v2\/pages\/1253903?add-to-cart=271\" aria-label=\"Add to cart: &ldquo;Package ONE&rdquo;\" data-quantity=\"1\" data-product_id=\"271\" data-product_sku=\"\" data-price=\"60\" rel=\"nofollow\" class=\"wp-block-button__link wp-element-button add_to_cart_button ajax_add_to_cart\">Add to cart<\/a><\/div>\n\t\t\t<\/li><li class=\"wc-block-grid__product\">\n\t\t\t\t<a href=\"https:\/\/virtualofficeinestonia.com\/et\/product\/package-two\/\" class=\"wc-block-grid__product-link\">\n\t\t\t\t\t<div class=\"wc-block-grid__product-onsale\">\n\t\t\t<span aria-hidden=\"true\" data-no-translation=\"\" data-trp-gettext=\"\">Allahindlus<\/span>\n\t\t\t<span class=\"screen-reader-text\" data-no-translation=\"\" data-trp-gettext=\"\">Soodusm\u00fc\u00fcgis toode<\/span>\n\t\t<\/div>\n\t\t\t\t\t<div class=\"wc-block-grid__product-image\"><img loading=\"lazy\" decoding=\"async\" width=\"172\" height=\"229\" src=\"https:\/\/virtualofficeinestonia.com\/wp-content\/uploads\/2017\/08\/Package-TWO-1.jpg\" class=\"attachment-woocommerce_thumbnail size-woocommerce_thumbnail\" alt=\"Package TWO\" \/><\/div>\n\t\t\t\t\t<div class=\"wc-block-grid__product-title\">Package TWO<\/div>\n\t\t\t\t<\/a>\n\t\t\t\t<div class=\"wc-block-grid__product-price price\"><del aria-hidden=\"true\"><span class=\"woocommerce-Price-amount amount\">199.00<span class=\"woocommerce-Price-currencySymbol\">&euro;<\/span><\/span><\/del> <span class=\"screen-reader-text\" data-no-translation=\"\" data-trp-gettext=\"\">Algne hind oli: 199.00&euro;.<\/span><ins aria-hidden=\"true\"><span class=\"woocommerce-Price-amount amount\">129.00<span class=\"woocommerce-Price-currencySymbol\">&euro;<\/span><\/span><\/ins><span class=\"screen-reader-text\" data-no-translation=\"\" data-trp-gettext=\"\">Current price is: 129.00&euro;.<\/span> <span class=\"subscription-details\"> \/ year<\/span><\/div>\n\t\t\t\t\n\t\t\t\t<div class=\"wp-block-button wc-block-grid__product-add-to-cart\"><a href=\"\/et\/wp-json\/wp\/v2\/pages\/1253903?add-to-cart=151\" aria-label=\"Add to cart: &ldquo;Package TWO&rdquo;\" data-quantity=\"1\" data-product_id=\"151\" data-product_sku=\"\" data-price=\"129\" rel=\"nofollow\" class=\"wp-block-button__link wp-element-button add_to_cart_button ajax_add_to_cart\">Add to cart<\/a><\/div>\n\t\t\t<\/li><li class=\"wc-block-grid__product\">\n\t\t\t\t<a href=\"https:\/\/virtualofficeinestonia.com\/et\/product\/starter-accounting\/\" class=\"wc-block-grid__product-link\">\n\t\t\t\t\t\n\t\t\t\t\t<div class=\"wc-block-grid__product-image\"><img loading=\"lazy\" decoding=\"async\" width=\"250\" height=\"250\" src=\"https:\/\/virtualofficeinestonia.com\/wp-content\/uploads\/2020\/02\/starter-accounting-jpg-250x250.webp\" class=\"attachment-woocommerce_thumbnail size-woocommerce_thumbnail\" alt=\"Starter accounting\" srcset=\"https:\/\/virtualofficeinestonia.com\/wp-content\/uploads\/2020\/02\/starter-accounting-250x250.jpg 250w, https:\/\/virtualofficeinestonia.com\/wp-content\/uploads\/2020\/02\/starter-accounting-100x100.jpg 100w, https:\/\/virtualofficeinestonia.com\/wp-content\/uploads\/2020\/02\/starter-accounting-jpg-500x500.webp 500w, https:\/\/virtualofficeinestonia.com\/wp-content\/uploads\/2020\/02\/starter-accounting-300x300.jpg 300w, https:\/\/virtualofficeinestonia.com\/wp-content\/uploads\/2020\/02\/starter-accounting-1024x1024.jpg 1024w, https:\/\/virtualofficeinestonia.com\/wp-content\/uploads\/2020\/02\/starter-accounting-150x150.jpg 150w, https:\/\/virtualofficeinestonia.com\/wp-content\/uploads\/2020\/02\/starter-accounting-768x768.jpg 768w, https:\/\/virtualofficeinestonia.com\/wp-content\/uploads\/2020\/02\/starter-accounting-600x600.jpg 600w, https:\/\/virtualofficeinestonia.com\/wp-content\/uploads\/2020\/02\/starter-accounting-400x400.jpg 400w, https:\/\/virtualofficeinestonia.com\/wp-content\/uploads\/2020\/02\/starter-accounting-jpg.webp 1100w\" sizes=\"auto, (max-width: 250px) 100vw, 250px\" \/><\/div>\n\t\t\t\t\t<div class=\"wc-block-grid__product-title\">Starter accounting<\/div>\n\t\t\t\t<\/a>\n\t\t\t\t<div class=\"wc-block-grid__product-price price\"><span class=\"woocommerce-Price-amount amount\">39.00<span class=\"woocommerce-Price-currencySymbol\">&euro;<\/span><\/span> <span class=\"subscription-details\"> \/ month<\/span><\/div>\n\t\t\t\t\n\t\t\t\t<div class=\"wp-block-button wc-block-grid__product-add-to-cart\"><a href=\"\/et\/wp-json\/wp\/v2\/pages\/1253903?add-to-cart=5839\" aria-label=\"Add to cart: &ldquo;Starter accounting&rdquo;\" data-quantity=\"1\" data-product_id=\"5839\" data-product_sku=\"\" data-price=\"39\" rel=\"nofollow\" class=\"wp-block-button__link wp-element-button add_to_cart_button ajax_add_to_cart\">Add to cart<\/a><\/div>\n\t\t\t<\/li><li class=\"wc-block-grid__product\">\n\t\t\t\t<a href=\"https:\/\/virtualofficeinestonia.com\/et\/product\/basic-accounting\/\" class=\"wc-block-grid__product-link\">\n\t\t\t\t\t\n\t\t\t\t\t<div class=\"wc-block-grid__product-image\"><img loading=\"lazy\" decoding=\"async\" width=\"250\" height=\"250\" src=\"https:\/\/virtualofficeinestonia.com\/wp-content\/uploads\/2019\/02\/bookkeeping-icon-jpg-250x250.webp\" class=\"attachment-woocommerce_thumbnail size-woocommerce_thumbnail\" alt=\"Basic accounting\" srcset=\"https:\/\/virtualofficeinestonia.com\/wp-content\/uploads\/2019\/02\/bookkeeping-icon-250x250.jpg 250w, https:\/\/virtualofficeinestonia.com\/wp-content\/uploads\/2019\/02\/bookkeeping-icon-100x100.jpg 100w, https:\/\/virtualofficeinestonia.com\/wp-content\/uploads\/2019\/02\/bookkeeping-icon-jpg-500x500.webp 500w, https:\/\/virtualofficeinestonia.com\/wp-content\/uploads\/2019\/02\/bookkeeping-icon-300x300.jpg 300w, https:\/\/virtualofficeinestonia.com\/wp-content\/uploads\/2019\/02\/bookkeeping-icon-1024x1024.jpg 1024w, https:\/\/virtualofficeinestonia.com\/wp-content\/uploads\/2019\/02\/bookkeeping-icon-150x150.jpg 150w, https:\/\/virtualofficeinestonia.com\/wp-content\/uploads\/2019\/02\/bookkeeping-icon-768x768.jpg 768w, https:\/\/virtualofficeinestonia.com\/wp-content\/uploads\/2019\/02\/bookkeeping-icon-600x600.jpg 600w, https:\/\/virtualofficeinestonia.com\/wp-content\/uploads\/2019\/02\/bookkeeping-icon-400x400.jpg 400w, https:\/\/virtualofficeinestonia.com\/wp-content\/uploads\/2019\/02\/bookkeeping-icon-jpg.webp 1100w\" sizes=\"auto, (max-width: 250px) 100vw, 250px\" \/><\/div>\n\t\t\t\t\t<div class=\"wc-block-grid__product-title\">Basic raamatupidamine<\/div>\n\t\t\t\t<\/a>\n\t\t\t\t<div class=\"wc-block-grid__product-price price\"><span class=\"woocommerce-Price-amount amount\">69.00<span class=\"woocommerce-Price-currencySymbol\">&euro;<\/span><\/span> <span class=\"subscription-details\"> \/ month<\/span><\/div>\n\t\t\t\t\n\t\t\t\t<div class=\"wp-block-button wc-block-grid__product-add-to-cart\"><a href=\"\/et\/wp-json\/wp\/v2\/pages\/1253903?add-to-cart=1689\" aria-label=\"Add to cart: &ldquo;Basic accounting&rdquo;\" data-quantity=\"1\" data-product_id=\"1689\" data-product_sku=\"\" data-price=\"69\" rel=\"nofollow\" class=\"wp-block-button__link wp-element-button add_to_cart_button ajax_add_to_cart\">Add to cart<\/a><\/div>\n\t\t\t<\/li><li class=\"wc-block-grid__product\">\n\t\t\t\t<a href=\"https:\/\/virtualofficeinestonia.com\/et\/product\/proof-of-address-with-shared-office-rental\/\" class=\"wc-block-grid__product-link\">\n\t\t\t\t\t<div class=\"wc-block-grid__product-onsale\">\n\t\t\t<span aria-hidden=\"true\" data-no-translation=\"\" data-trp-gettext=\"\">Allahindlus<\/span>\n\t\t\t<span class=\"screen-reader-text\" data-no-translation=\"\" data-trp-gettext=\"\">Soodusm\u00fc\u00fcgis toode<\/span>\n\t\t<\/div>\n\t\t\t\t\t<div class=\"wc-block-grid__product-image\"><img loading=\"lazy\" decoding=\"async\" width=\"200\" height=\"200\" src=\"https:\/\/virtualofficeinestonia.com\/wp-content\/uploads\/2021\/03\/additional-services.png\" class=\"attachment-woocommerce_thumbnail size-woocommerce_thumbnail\" alt=\"Proof of address\" srcset=\"https:\/\/virtualofficeinestonia.com\/wp-content\/uploads\/2021\/03\/additional-services.png 200w, https:\/\/virtualofficeinestonia.com\/wp-content\/uploads\/2021\/03\/additional-services-100x100.png 100w, https:\/\/virtualofficeinestonia.com\/wp-content\/uploads\/2021\/03\/additional-services-50x50.png 50w, https:\/\/virtualofficeinestonia.com\/wp-content\/uploads\/2021\/03\/additional-services-150x150.png 150w\" sizes=\"auto, (max-width: 200px) 100vw, 200px\" \/><\/div>\n\t\t\t\t\t<div class=\"wc-block-grid__product-title\">Proof of address<\/div>\n\t\t\t\t<\/a>\n\t\t\t\t<div class=\"wc-block-grid__product-price price\"><del aria-hidden=\"true\"><span class=\"woocommerce-Price-amount amount\">129.00<span class=\"woocommerce-Price-currencySymbol\">&euro;<\/span><\/span><\/del> <span class=\"screen-reader-text\" data-no-translation=\"\" data-trp-gettext=\"\">Algne hind oli: 129.00&euro;.<\/span><ins aria-hidden=\"true\"><span class=\"woocommerce-Price-amount amount\">99.00<span class=\"woocommerce-Price-currencySymbol\">&euro;<\/span><\/span><\/ins><span class=\"screen-reader-text\" data-no-translation=\"\" data-trp-gettext=\"\">Current price is: 99.00&euro;.<\/span><\/div>\n\t\t\t\t\n\t\t\t\t<div class=\"wp-block-button wc-block-grid__product-add-to-cart\"><a href=\"\/et\/wp-json\/wp\/v2\/pages\/1253903?add-to-cart=35375\" aria-label=\"Add to cart: \u201cProof of address\u201d\" data-quantity=\"1\" data-product_id=\"35375\" data-product_sku=\"\" data-price=\"99\" rel=\"nofollow\" class=\"wp-block-button__link wp-element-button add_to_cart_button ajax_add_to_cart\" data-no-translation=\"\" data-trp-gettext=\"\" data-no-translation-aria-label=\"\">Lisa korvi<\/a><\/div>\n\t\t\t<\/li><li class=\"wc-block-grid__product\">\n\t\t\t\t<a href=\"https:\/\/virtualofficeinestonia.com\/et\/product\/basic-annual-report\/\" class=\"wc-block-grid__product-link\">\n\t\t\t\t\t\n\t\t\t\t\t<div class=\"wc-block-grid__product-image\"><img loading=\"lazy\" decoding=\"async\" width=\"225\" height=\"225\" src=\"https:\/\/virtualofficeinestonia.com\/wp-content\/uploads\/2019\/02\/bookkeeping-jpeg.webp\" class=\"attachment-woocommerce_thumbnail size-woocommerce_thumbnail\" alt=\"Basic annual report\" srcset=\"https:\/\/virtualofficeinestonia.com\/wp-content\/uploads\/2019\/02\/bookkeeping-jpeg.webp 225w, https:\/\/virtualofficeinestonia.com\/wp-content\/uploads\/2019\/02\/bookkeeping-100x100.jpeg 100w, https:\/\/virtualofficeinestonia.com\/wp-content\/uploads\/2019\/02\/bookkeeping-jpeg-50x50.webp 50w, https:\/\/virtualofficeinestonia.com\/wp-content\/uploads\/2019\/02\/bookkeeping-150x150.jpeg 150w\" sizes=\"auto, (max-width: 225px) 100vw, 225px\" \/><\/div>\n\t\t\t\t\t<div class=\"wc-block-grid__product-title\">Basic annual report<\/div>\n\t\t\t\t<\/a>\n\t\t\t\t<div class=\"wc-block-grid__product-price price\"><span class=\"woocommerce-Price-amount amount\">99.00<span class=\"woocommerce-Price-currencySymbol\">&euro;<\/span><\/span><\/div>\n\t\t\t\t\n\t\t\t\t<div class=\"wp-block-button wc-block-grid__product-add-to-cart\"><a href=\"\/et\/wp-json\/wp\/v2\/pages\/1253903?add-to-cart=331000\" aria-label=\"Add to cart: \u201cBasic annual report\u201d\" data-quantity=\"1\" data-product_id=\"331000\" data-product_sku=\"\" data-price=\"99\" rel=\"nofollow\" class=\"wp-block-button__link wp-element-button add_to_cart_button ajax_add_to_cart\" data-no-translation=\"\" data-trp-gettext=\"\" data-no-translation-aria-label=\"\">Lisa korvi<\/a><\/div>\n\t\t\t<\/li><li class=\"wc-block-grid__product\">\n\t\t\t\t<a href=\"https:\/\/virtualofficeinestonia.com\/et\/product\/package-three\/\" class=\"wc-block-grid__product-link\">\n\t\t\t\t\t\n\t\t\t\t\t<div class=\"wc-block-grid__product-image\"><img loading=\"lazy\" decoding=\"async\" width=\"250\" height=\"250\" src=\"https:\/\/virtualofficeinestonia.com\/wp-content\/uploads\/2017\/08\/Package-THREE-jpg-250x250.webp\" class=\"attachment-woocommerce_thumbnail size-woocommerce_thumbnail\" alt=\"Package THREE\" srcset=\"https:\/\/virtualofficeinestonia.com\/wp-content\/uploads\/2017\/08\/Package-THREE-250x250.jpg 250w, https:\/\/virtualofficeinestonia.com\/wp-content\/uploads\/2017\/08\/Package-THREE-100x100.jpg 100w, https:\/\/virtualofficeinestonia.com\/wp-content\/uploads\/2017\/08\/Package-THREE-jpg-500x500.webp 500w, https:\/\/virtualofficeinestonia.com\/wp-content\/uploads\/2017\/08\/Package-THREE-300x300.jpg 300w, https:\/\/virtualofficeinestonia.com\/wp-content\/uploads\/2017\/08\/Package-THREE-150x150.jpg 150w, https:\/\/virtualofficeinestonia.com\/wp-content\/uploads\/2017\/08\/Package-THREE-400x400.jpg 400w, https:\/\/virtualofficeinestonia.com\/wp-content\/uploads\/2017\/08\/Package-THREE-jpg.webp 512w\" sizes=\"auto, (max-width: 250px) 100vw, 250px\" \/><\/div>\n\t\t\t\t\t<div class=\"wc-block-grid__product-title\">Package THREE<\/div>\n\t\t\t\t<\/a>\n\t\t\t\t<div class=\"wc-block-grid__product-price price\"><span class=\"woocommerce-Price-amount amount\">499.00<span class=\"woocommerce-Price-currencySymbol\">&euro;<\/span><\/span> <span class=\"subscription-details\"> \/ year<\/span><\/div>\n\t\t\t\t\n\t\t\t\t<div class=\"wp-block-button wc-block-grid__product-add-to-cart\"><a href=\"\/et\/wp-json\/wp\/v2\/pages\/1253903?add-to-cart=165\" aria-label=\"Add to cart: &ldquo;Package THREE&rdquo;\" data-quantity=\"1\" data-product_id=\"165\" data-product_sku=\"\" data-price=\"499\" rel=\"nofollow\" class=\"wp-block-button__link wp-element-button add_to_cart_button ajax_add_to_cart\">Add to cart<\/a><\/div>\n\t\t\t<\/li><li class=\"wc-block-grid__product\">\n\t\t\t\t<a href=\"https:\/\/virtualofficeinestonia.com\/et\/product\/company-formation\/\" class=\"wc-block-grid__product-link\">\n\t\t\t\t\t\n\t\t\t\t\t<div class=\"wc-block-grid__product-image\"><img loading=\"lazy\" decoding=\"async\" width=\"204\" height=\"204\" src=\"https:\/\/virtualofficeinestonia.com\/wp-content\/uploads\/2019\/01\/partnership-icon-jpg.webp\" class=\"attachment-woocommerce_thumbnail size-woocommerce_thumbnail\" alt=\"Company formation\" srcset=\"https:\/\/virtualofficeinestonia.com\/wp-content\/uploads\/2019\/01\/partnership-icon-jpg.webp 204w, https:\/\/virtualofficeinestonia.com\/wp-content\/uploads\/2019\/01\/partnership-icon-100x100.jpg 100w, https:\/\/virtualofficeinestonia.com\/wp-content\/uploads\/2019\/01\/partnership-icon-jpg-50x50.webp 50w, https:\/\/virtualofficeinestonia.com\/wp-content\/uploads\/2019\/01\/partnership-icon-150x150.jpg 150w\" sizes=\"auto, (max-width: 204px) 100vw, 204px\" \/><\/div>\n\t\t\t\t\t<div class=\"wc-block-grid__product-title\">Ettev\u00f5te asutamine<\/div>\n\t\t\t\t<\/a>\n\t\t\t\t<div class=\"wc-block-grid__product-price price\"><span class=\"woocommerce-Price-amount amount\">299.00<span class=\"woocommerce-Price-currencySymbol\">&euro;<\/span><\/span><\/div>\n\t\t\t\t\n\t\t\t\t<div class=\"wp-block-button wc-block-grid__product-add-to-cart\"><a href=\"\/et\/wp-json\/wp\/v2\/pages\/1253903?add-to-cart=458\" aria-label=\"Add to cart: \u201cCompany formation\u201d\" data-quantity=\"1\" data-product_id=\"458\" data-product_sku=\"\" data-price=\"299\" rel=\"nofollow\" class=\"wp-block-button__link wp-element-button add_to_cart_button ajax_add_to_cart\" data-no-translation=\"\" data-trp-gettext=\"\" data-no-translation-aria-label=\"\">Lisa korvi<\/a><\/div>\n\t\t\t<\/li><li class=\"wc-block-grid__product\">\n\t\t\t\t<a href=\"https:\/\/virtualofficeinestonia.com\/et\/product\/company-termination\/\" class=\"wc-block-grid__product-link\">\n\t\t\t\t\t\n\t\t\t\t\t<div class=\"wc-block-grid__product-image\"><img loading=\"lazy\" decoding=\"async\" width=\"250\" height=\"250\" src=\"https:\/\/virtualofficeinestonia.com\/wp-content\/uploads\/2020\/09\/termination-250x250-1-250x250.jpg\" class=\"attachment-woocommerce_thumbnail size-woocommerce_thumbnail\" alt=\"Company termination\" srcset=\"https:\/\/virtualofficeinestonia.com\/wp-content\/uploads\/2020\/09\/termination-250x250-1-jpg.webp 250w, https:\/\/virtualofficeinestonia.com\/wp-content\/uploads\/2020\/09\/termination-250x250-1-100x100.jpg 100w, https:\/\/virtualofficeinestonia.com\/wp-content\/uploads\/2020\/09\/termination-250x250-1-jpg-50x50.webp 50w, https:\/\/virtualofficeinestonia.com\/wp-content\/uploads\/2020\/09\/termination-250x250-1-150x150.jpg 150w\" sizes=\"auto, (max-width: 250px) 100vw, 250px\" \/><\/div>\n\t\t\t\t\t<div class=\"wc-block-grid__product-title\">Company termination<\/div>\n\t\t\t\t<\/a>\n\t\t\t\t<div class=\"wc-block-grid__product-price price\"><span class=\"woocommerce-Price-amount amount\">299.00<span class=\"woocommerce-Price-currencySymbol\">&euro;<\/span><\/span><\/div>\n\t\t\t\t\n\t\t\t\t<div class=\"wp-block-button wc-block-grid__product-add-to-cart\"><a href=\"\/et\/wp-json\/wp\/v2\/pages\/1253903?add-to-cart=6369\" aria-label=\"Add to cart: \u201cCompany termination\u201d\" data-quantity=\"1\" data-product_id=\"6369\" data-product_sku=\"\" data-price=\"299\" rel=\"nofollow\" class=\"wp-block-button__link wp-element-button add_to_cart_button ajax_add_to_cart\" data-no-translation=\"\" data-trp-gettext=\"\" data-no-translation-aria-label=\"\">Lisa korvi<\/a><\/div>\n\t\t\t<\/li><\/ul><\/div>","protected":false},"excerpt":{"rendered":"<p>Our most popular offerings They have been carefully tailored to meet the unique needs of our clients, including e-residents, digital nomads, and freelancers. Whether you\u2019re a starting entrepreneur or expanding your business, these are the most preferred choices from our clients, so far.<\/p>","protected":false},"author":1,"featured_media":0,"parent":0,"menu_order":0,"comment_status":"closed","ping_status":"closed","template":"","meta":{"jetpack_post_was_ever_published":false,"footnotes":""},"class_list":["post-1253903","page","type-page","status-publish","hentry"],"jetpack_likes_enabled":false,"jetpack_sharing_enabled":true,"_links":{"self":[{"href":"https:\/\/virtualofficeinestonia.com\/et\/wp-json\/wp\/v2\/pages\/1253903","targetHints":{"allow":["GET"]}}],"collection":[{"href":"https:\/\/virtualofficeinestonia.com\/et\/wp-json\/wp\/v2\/pages"}],"about":[{"href":"https:\/\/virtualofficeinestonia.com\/et\/wp-json\/wp\/v2\/types\/page"}],"author":[{"embeddable":true,"href":"https:\/\/virtualofficeinestonia.com\/et\/wp-json\/wp\/v2\/users\/1"}],"replies":[{"embeddable":true,"href":"https:\/\/virtualofficeinestonia.com\/et\/wp-json\/wp\/v2\/comments?post=1253903"}],"version-history":[{"count":0,"href":"https:\/\/virtualofficeinestonia.com\/et\/wp-json\/wp\/v2\/pages\/1253903\/revisions"}],"wp:attachment":[{"href":"https:\/\/virtualofficeinestonia.com\/et\/wp-json\/wp\/v2\/media?parent=1253903"}],"curies":[{"name":"wp","href":"https:\/\/api.w.org\/{rel}","templated":true}]}}