{"id":1253074,"date":"2024-02-18T12:53:57","date_gmt":"2024-02-18T10:53:57","guid":{"rendered":"https:\/\/virtualofficeinestonia.com\/?page_id=1253074"},"modified":"2026-03-18T11:22:34","modified_gmt":"2026-03-18T09:22:34","slug":"estonias-thriving-business-environment","status":"publish","type":"page","link":"https:\/\/virtualofficeinestonia.com\/et\/estonias-thriving-business-environment\/","title":{"rendered":"Eesti edukas \u00e4rikeskkond"},"content":{"rendered":"<p class=\"has-vivid-cyan-blue-color has-text-color has-link-color has-medium-font-size wp-elements-f4b62b4e912bc987ca0ba435d6615871\"><strong>Estonia, a digital powerhouse nestled in the Baltic region of Northern Europe<\/strong><\/p>\n\n\n\n<p class=\"has-base-color has-text-color has-link-color has-base-font-size wp-elements-aa113b92dd5183cfe44e7d68f22cf33a\">Tekkis \u00fclemaailmsel \u00e4rimaastikul innovatsiooni ja t\u00f5hususe majakaks.<\/p>\n\n\n\n<p>D\u00fcnaamilist ja toetavat \u00f6kos\u00fcsteemi otsivale digiettev\u00f5tjale pakub Eesti arvukalt eeliseid ja mugavusi.<\/p>\n\n\n\n<p class=\"has-background-color has-vivid-cyan-blue-background-color has-text-color has-background has-link-color wp-elements-ba7fae4feba8908192dee6bf252e8699\"><strong>1. Digital Infrastructure:<\/strong>&nbsp;Eesti veetluse keskmes on maailma juhtiv digitaalne infrastruktuur. Tugeva e-valitsuse s\u00fcsteemiga saavad ettev\u00f5tjad sujuvalt \u00e4ri ajada k\u00f5ikjal maailmas. Valitsuse v\u00e4ljastatud digitaalset identiteeti pakkuv e-residentsuse programm v\u00f5imaldab ettev\u00f5tjatel kaugjuurdep\u00e4\u00e4su Eesti digiteenustele ning ettev\u00f5tteid asutada ja hallata t\u00e4ielikult veebip\u00f5hiselt.<\/p>\n\n\n\n<p><strong>2. Ease of Doing Business:<\/strong>&nbsp;Ettev\u00f5tte loomine ja juhtimine Eestis on m\u00e4rkimisv\u00e4\u00e4rselt lihtne. Lihtsustatud b\u00fcrokraatia ja t\u00f5husad veebiprotsessid tagavad minimaalse b\u00fcrokraatia ja halduskoormuse. T\u00e4nu olemasolevatele digitaalsetele t\u00f6\u00f6riistadele ja teenustele saavad ettev\u00f5tjad asutada ettev\u00f5tte k\u00f5igest 15 minutiga ja hallata seda h\u00f5lpsalt eemalt.<\/p>\n\n\n\n<p class=\"has-background-color has-vivid-cyan-blue-background-color has-text-color has-background has-link-color wp-elements-4dfc9cb623f1e90a1b74df5fe9c43e69\"><strong>3. Tax Advantages:<\/strong>&nbsp;Eestis on \u00fcks konkurentsiv\u00f5imelisemaid maksus\u00fcsteeme maailmas, mis on eriti soodne digi\u00e4ridele. Riigis kehtib ettev\u00f5tte tulumaks, mis on 20%, ilma reinvesteeritud kasumi maksuta. Lisaks soodustavad Eesti maksulepingud paljude riikidega rahvusvahelist kaubandust ja investeeringuid, suurendades veelgi selle atraktiivsust globaalsete ettev\u00f5tjate jaoks.<\/p>\n\n\n\n<p><strong>4. Innovation Hub:<\/strong>&nbsp;Eesti elav startup-\u00f6kos\u00fcsteem soodustab innovatsiooni ja koost\u00f6\u00f6d, muutes selle ideaalseks sihtkohaks ambitsioonikatele ettev\u00f5tjatele. Riigi tehnikatundlik t\u00f6\u00f6j\u00f5ud koos inkubaatorite, kiirendite ja riskikapitalistide toetava v\u00f5rgustikuga soodustavad idufirmade ja tehnoloogiaettev\u00f5tete kiiret kasvu.<\/p>\n\n\n\n<p class=\"has-background-color has-vivid-cyan-blue-background-color has-text-color has-background has-link-color wp-elements-acd50bc38c26ea64136a742dc7579b53\"><strong>5. Impressive Statistics:<\/strong>&nbsp;Statistika r\u00e4\u00e4gib palju Eesti majanduse v\u00f5imekusest ja digitaalsest transformatsioonist. Pidevalt Euroopa keskmist kiirema SKP kasvuga on Eesti \u00fcks kiiremini kasvavaid majandusi regioonis. Lisaks on riik k\u00f5rgel kohal mitmesugustes \u00fclemaailmsetes indeksites, sealhulgas Maailmapanga \u00e4ritegevuse lihtsuse indeksis ja \u00fclemaailmses innovatsiooniindeksis, mis kinnitab selle staatust \u00e4riinnovatsiooni ja -investeeringute peamise sihtkohana.<\/p>\n\n\n\n<p>Kokkuv\u00f5tteks v\u00f5ib \u00f6elda, et Eesti \u00e4rikeskkond pakub m\u00f5juvat segu digitaalsest innovatsioonist, t\u00f5hususest ja maksusoodustustest, muutes selle atraktiivseks sihtkohaks digiettev\u00f5tjatele kogu maailmas. Olenemata sellest, kas asutate idufirmat v\u00f5i laiendate olemasolevat ettev\u00f5tet, Eesti pakub digiajastul arenemiseks vajalikke t\u00f6\u00f6riistu ja v\u00f5imalusi.<\/p>\n\n\n\n<hr class=\"wp-block-separator has-alpha-channel-opacity is-style-dots\"\/>\n\n\n<form role=\"search\" method=\"get\" action=\"https:\/\/virtualofficeinestonia.com\/et\/\" class=\"wp-block-search__button-outside wp-block-search__text-button wp-block-search\" data-trp-original-action=\"https:\/\/virtualofficeinestonia.com\/et\/\"    ><label class=\"wp-block-search__label\" for=\"wp-block-search__input-1\" >Kaeva s\u00fcgavamalt<br><\/label><div class=\"wp-block-search__inside-wrapper\" ><input class=\"wp-block-search__input\" id=\"wp-block-search__input-1\" placeholder=\"Sisesta otsingu s\u00f5na ...\" value=\"\" type=\"search\" name=\"s\" required \/><input type=\"hidden\" name=\"post_type\" value=\"product\" \/><button aria-label=\"OTSI\" class=\"wp-block-search__button has-text-color has-background-color has-background has-luminous-vivid-amber-background-color wp-element-button\" type=\"submit\" >OTSI<\/button><\/div><input type=\"hidden\" name=\"trp-form-language\" value=\"et\"\/><\/form>\n\n\n<hr class=\"wp-block-separator has-alpha-channel-opacity is-style-dots\"\/>","protected":false},"excerpt":{"rendered":"<p>Estonia, a digital powerhouse nestled in the Baltic region of Northern Europe Emerged as a beacon of innovation and efficiency in the global business landscape. For digital entrepreneurs seeking a dynamic and supportive ecosystem, Estonia offers numerous advantages and conveniences. 1. Digital Infrastructure:&nbsp;At the heart of Estonia\u2019s appeal is its world-leading digital infrastructure. With a [&hellip;]<\/p>\n","protected":false},"author":1,"featured_media":0,"parent":0,"menu_order":0,"comment_status":"closed","ping_status":"closed","template":"","meta":{"jetpack_post_was_ever_published":false,"footnotes":""},"class_list":["post-1253074","page","type-page","status-publish","hentry"],"jetpack_likes_enabled":false,"jetpack_sharing_enabled":true,"_links":{"self":[{"href":"https:\/\/virtualofficeinestonia.com\/et\/wp-json\/wp\/v2\/pages\/1253074","targetHints":{"allow":["GET"]}}],"collection":[{"href":"https:\/\/virtualofficeinestonia.com\/et\/wp-json\/wp\/v2\/pages"}],"about":[{"href":"https:\/\/virtualofficeinestonia.com\/et\/wp-json\/wp\/v2\/types\/page"}],"author":[{"embeddable":true,"href":"https:\/\/virtualofficeinestonia.com\/et\/wp-json\/wp\/v2\/users\/1"}],"replies":[{"embeddable":true,"href":"https:\/\/virtualofficeinestonia.com\/et\/wp-json\/wp\/v2\/comments?post=1253074"}],"version-history":[{"count":0,"href":"https:\/\/virtualofficeinestonia.com\/et\/wp-json\/wp\/v2\/pages\/1253074\/revisions"}],"wp:attachment":[{"href":"https:\/\/virtualofficeinestonia.com\/et\/wp-json\/wp\/v2\/media?parent=1253074"}],"curies":[{"name":"wp","href":"https:\/\/api.w.org\/{rel}","templated":true}]}}