{"id":1253071,"date":"2024-02-18T12:53:07","date_gmt":"2024-02-18T10:53:07","guid":{"rendered":"https:\/\/virtualofficeinestonia.com\/?page_id=1253071"},"modified":"2026-01-25T13:00:32","modified_gmt":"2026-01-25T11:00:32","slug":"applying-for-e-residency","status":"publish","type":"page","link":"https:\/\/virtualofficeinestonia.com\/et\/applying-for-e-residency\/","title":{"rendered":"E-residentsuse taotlemine"},"content":{"rendered":"<p class=\"has-vivid-cyan-blue-color has-text-color has-link-color has-medium-font-size wp-elements-a3625d8a1e0e255b76b993731e2daf9c\"><strong>Eesti e-residentsus pakub globaalsetele ettev\u00f5tjatele valitsuse v\u00e4ljastatud digitaalset identiteeti<\/strong><\/p>\n\n\n\n<p>Autentige end sujuvalt veebis, allkirjastage dokumente turvaliselt k\u00f5ige usaldusv\u00e4\u00e4rsemate elektrooniliste allkirjadega ja isegi asutage ettev\u00f5te t\u00e4ielikult veebis olenemata oma asukohast.<\/p>\n\n\n\n<p>Apply for an E-Residency, receive your E-Residency kit, and leverage it to initiate, manage, and expand your business digitally.<\/p>\n\n\n\n<p class=\"has-vivid-cyan-blue-color has-text-color has-link-color has-medium-font-size wp-elements-b5f263d95fcd8e658dd89acd11fc70f1\"><strong style=\"\">Kandideerimisprotsess on lihtne:<\/strong><\/p>\n\n\n\n<ol class=\"wp-block-list\">\n<li class=\"has-senary-color has-text-color has-link-color wp-elements-641ccdf5afb2f1b22a0be3eedbab9f2e\"><strong style=\"color:blue;\">Kandideeri veebis.<\/strong><\/li>\n\n\n\n<li class=\"has-senary-color has-text-color has-link-color wp-elements-94f1e35e96d30572fd221bbbebcd8fe5\"><strong style=\"color:blue;\">Oodake kinnitust ja kaardi k\u00e4ttetoimetamist.<\/strong><\/li>\n\n\n\n<li><strong style=\"color:blue;\">Tulge oma kaardile j\u00e4rgi.<\/strong>\n<ul class=\"wp-block-list\">\n<li>Kui teie kaart saabub teie taotluses valitud asukohta, saate e-posti teel kutse sellele j\u00e4rele tulla. \u00c4rge unustage kaasa v\u00f5tta oma isikut t\u00f5endavat dokumenti \u2013 sama, mida kasutasite taotluse esitamisel.<\/li>\n<\/ul>\n<\/li>\n\n\n\n<li><strong style=\"color:blue;\">Seadista oma kaart.<\/strong>\n<ul class=\"wp-block-list\">\n<li class=\"has-link-color wp-elements-e8c43558ebb8ada517c84fdba0f91244\">Teie kaart aktiveeritakse automaatselt 24 tunni jooksul p\u00e4rast k\u00e4ttesaamist. See sisaldab juhiseid vajaliku ID-tarkvara installimiseks (<a href=\"https:\/\/www.id.ee\/en\/article\/install-id-software\/\" target=\"_blank\" rel=\"noreferrer noopener\">Digidoc<\/a>). P\u00e4rast installimist saate hakata oma uut digitaalset ID-d kasutama.<\/li>\n<\/ul>\n<\/li>\n<\/ol>\n\n\n\n<p>Need sammud tagavad sujuva \u00fclemineku e-residentsusele, andes teile v\u00f5imaluse digiajastul edu saavutada.<\/p>\n\n\n\n<hr class=\"wp-block-separator has-alpha-channel-opacity is-style-dots\"\/>\n\n\n\n<figure class=\"wp-block-image size-full\"><a href=\"https:\/\/eresident.politsei.ee\/\" target=\"_blank\" rel=\" noreferrer noopener\"><img loading=\"lazy\" decoding=\"async\" width=\"873\" height=\"279\" src=\"https:\/\/virtualofficeinestonia.com\/wp-content\/uploads\/2025\/02\/become-an-e-resident.png\" alt=\"\" class=\"wp-image-1254990\" srcset=\"https:\/\/virtualofficeinestonia.com\/wp-content\/uploads\/2025\/02\/become-an-e-resident.png 873w, https:\/\/virtualofficeinestonia.com\/wp-content\/uploads\/2025\/02\/become-an-e-resident-300x96.png 300w, https:\/\/virtualofficeinestonia.com\/wp-content\/uploads\/2025\/02\/become-an-e-resident-768x245.png 768w, https:\/\/virtualofficeinestonia.com\/wp-content\/uploads\/2025\/02\/become-an-e-resident-500x160.png 500w\" sizes=\"auto, (max-width: 873px) 100vw, 873px\" \/><\/a><\/figure>\n\n\n\n<hr class=\"wp-block-separator has-alpha-channel-opacity is-style-dots\"\/>\n\n\n\n<figure class=\"wp-block-embed is-type-wp-embed is-provider-virtual-office-in-estonia wp-block-embed-virtual-office-in-estonia\"><div class=\"wp-block-embed__wrapper\">\n<blockquote class=\"wp-embedded-content\" data-secret=\"Csx3UaLetm\"><a href=\"https:\/\/virtualofficeinestonia.com\/et\/estonias-thriving-business-environment\/\">Eesti edukas \u00e4rikeskkond<\/a><\/blockquote><iframe loading=\"lazy\" class=\"wp-embedded-content\" sandbox=\"allow-scripts\" security=\"restricted\" style=\"position: absolute; visibility: hidden;\" title=\"Eesti ahvatlev \u00e4rikeskkond\" src=\"https:\/\/virtualofficeinestonia.com\/estonias-thriving-business-environment\/embed\/#?secret=C4OiBqivw2#?secret=Csx3UaLetm\" data-secret=\"Csx3UaLetm\" width=\"500\" height=\"282\" frameborder=\"0\" marginwidth=\"0\" marginheight=\"0\" scrolling=\"no\"><\/iframe>\n<\/div><\/figure>","protected":false},"excerpt":{"rendered":"<p>Estonia\u2019s E-Residency offers global entrepreneurs a government-issued digital identity Seamlessly authenticate online, securely sign documents with the most reliable electronic signatures, and even establish a company entirely online from anywhere. Apply for an E-Residency, receive your E-Residency kit, and leverage it to initiate, manage, and expand your business digitally. The application process is straightforward: These [&hellip;]<\/p>\n","protected":false},"author":1,"featured_media":0,"parent":0,"menu_order":0,"comment_status":"closed","ping_status":"closed","template":"","meta":{"jetpack_post_was_ever_published":false,"footnotes":""},"class_list":["post-1253071","page","type-page","status-publish","hentry"],"jetpack_likes_enabled":false,"jetpack_sharing_enabled":true,"_links":{"self":[{"href":"https:\/\/virtualofficeinestonia.com\/et\/wp-json\/wp\/v2\/pages\/1253071","targetHints":{"allow":["GET"]}}],"collection":[{"href":"https:\/\/virtualofficeinestonia.com\/et\/wp-json\/wp\/v2\/pages"}],"about":[{"href":"https:\/\/virtualofficeinestonia.com\/et\/wp-json\/wp\/v2\/types\/page"}],"author":[{"embeddable":true,"href":"https:\/\/virtualofficeinestonia.com\/et\/wp-json\/wp\/v2\/users\/1"}],"replies":[{"embeddable":true,"href":"https:\/\/virtualofficeinestonia.com\/et\/wp-json\/wp\/v2\/comments?post=1253071"}],"version-history":[{"count":0,"href":"https:\/\/virtualofficeinestonia.com\/et\/wp-json\/wp\/v2\/pages\/1253071\/revisions"}],"wp:attachment":[{"href":"https:\/\/virtualofficeinestonia.com\/et\/wp-json\/wp\/v2\/media?parent=1253071"}],"curies":[{"name":"wp","href":"https:\/\/api.w.org\/{rel}","templated":true}]}}