{"id":1253060,"date":"2024-02-18T12:28:52","date_gmt":"2024-02-18T10:28:52","guid":{"rendered":"https:\/\/virtualofficeinestonia.com\/?page_id=1253060"},"modified":"2026-05-01T14:01:47","modified_gmt":"2026-05-01T11:01:47","slug":"about-us","status":"publish","type":"page","link":"https:\/\/virtualofficeinestonia.com\/et\/about-us\/","title":{"rendered":"Kes me oleme?"},"content":{"rendered":"<p class=\"has-vivid-cyan-blue-color has-text-color has-link-color has-large-font-size wp-elements-f3b1d66d6a229dca239c8981affe0f5c\"><strong>P\u00fchendunud professionaalid<\/strong><\/p>\n\n\n\n<p class=\"has-senary-color has-text-color has-link-color has-base-font-size wp-elements-83d6006320d218f5139c7f2fe85cdf35\">Oleme \u00fcks juhtivaid ettev\u00f5tete asutamise ja \u00f5igusn\u00f5ustamise pakkujaid Eestis, omades \u00fcle 10 aasta kogemust.<\/p>\n\n\n\n<p>Oleme p\u00fchendunud oma klientide abistamisele ettev\u00f5tte asutamise keerukustes. <\/p>\n\n\n\n<p>Aitame teil t\u00e4ita \u00f5igusnormidele vastavuse n\u00f5udeid nii Eestis kui ka naaberriikides, pakkudes ekspertn\u00f5u \u00e4ristrateegia ja kasvu osas.<\/p>\n\n\n\n<p>Meie kogenud spetsialistide meeskond on aidanud sadadel klientidel luua oma ettev\u00f5tteid Eestis. Oleme toetanud nende kasvu kohaliku \u00e4rikeskkonna ja regulatiivse maastiku p\u00f5hjaliku m\u00f5istmisega. <\/p>\n\n\n\n<p class=\"has-primary-color has-text-color has-link-color has-medium-font-size wp-elements-4c7a22abe86eeaa4db5c7eea6237dcf1\"><strong>Siis tuleme m\u00e4ngu meie<\/strong><\/p>\n\n\n\n<p>Ettev\u00f5te algab tavaliselt ideest, probleemi tuvastamisest v\u00f5i vajaduse \u00e4ratundmisest. Selle arenedes tekib vajadus juriidilise struktuuri, v\u00f5imaliku kontaktesinduse, k\u00e4ibemaksu, EORI numbri registreerimise ja raamatupidamise j\u00e4rele.<\/p>\n\n\n\n<p>Meie missiooniks on teie asukohast s\u00f5ltumatu ettev\u00f5tte k\u00e4ivitamise ja haldamise lihtsustamine, pakkudes igak\u00fclgset tuge \u00e4rijuhtimises.<\/p>\n\n\n\n<p>Oleme uhked oma personaalsete ja kvaliteetsete teenuste pakkumise \u00fcle. Oleme p\u00fchendunud oma klientide \u00e4rieesm\u00e4rkide saavutamisele.<\/p>\n\n\n\n<p class=\"has-luminous-vivid-amber-color has-text-color has-link-color has-medium-font-size wp-elements-e5ca976f39b6ca41ed52b5c9a0579df0\"><strong>Alusta oma teekonda juba t\u00e4na!<\/strong><\/p>","protected":false},"excerpt":{"rendered":"<p>Dedicated professionals We are one of the leading providers of company formation and legal consultations with over 10 years of experience in Estonia. We are committed to helping our clients navigate the complexities of company formation. We assist with legal compliance in Estonia and neighboring countries by providing expert advice on business strategy and growth. [&hellip;]<\/p>\n","protected":false},"author":1,"featured_media":0,"parent":0,"menu_order":0,"comment_status":"closed","ping_status":"closed","template":"","meta":{"jetpack_post_was_ever_published":false,"footnotes":""},"class_list":["post-1253060","page","type-page","status-publish","hentry"],"jetpack_likes_enabled":false,"jetpack_sharing_enabled":true,"_links":{"self":[{"href":"https:\/\/virtualofficeinestonia.com\/et\/wp-json\/wp\/v2\/pages\/1253060","targetHints":{"allow":["GET"]}}],"collection":[{"href":"https:\/\/virtualofficeinestonia.com\/et\/wp-json\/wp\/v2\/pages"}],"about":[{"href":"https:\/\/virtualofficeinestonia.com\/et\/wp-json\/wp\/v2\/types\/page"}],"author":[{"embeddable":true,"href":"https:\/\/virtualofficeinestonia.com\/et\/wp-json\/wp\/v2\/users\/1"}],"replies":[{"embeddable":true,"href":"https:\/\/virtualofficeinestonia.com\/et\/wp-json\/wp\/v2\/comments?post=1253060"}],"version-history":[{"count":1,"href":"https:\/\/virtualofficeinestonia.com\/et\/wp-json\/wp\/v2\/pages\/1253060\/revisions"}],"predecessor-version":[{"id":1257779,"href":"https:\/\/virtualofficeinestonia.com\/et\/wp-json\/wp\/v2\/pages\/1253060\/revisions\/1257779"}],"wp:attachment":[{"href":"https:\/\/virtualofficeinestonia.com\/et\/wp-json\/wp\/v2\/media?parent=1253060"}],"curies":[{"name":"wp","href":"https:\/\/api.w.org\/{rel}","templated":true}]}}