{"id":1148176,"date":"2023-03-24T22:53:51","date_gmt":"2023-03-24T20:53:51","guid":{"rendered":"https:\/\/virtualofficeinestonia.com\/?page_id=1148176"},"modified":"2026-01-25T18:27:39","modified_gmt":"2026-01-25T16:27:39","slug":"refund-policy","status":"publish","type":"page","link":"https:\/\/virtualofficeinestonia.com\/et\/refund-policy\/","title":{"rendered":"Tagastus reeglid"},"content":{"rendered":"<h3 class=\"wp-block-heading has-large-font-size\"><span style=\"color: #0693e3;\">Solely to physical goods<\/span><\/h3>\n\n\n\n<p>Tagasimakse saamiseks peavad kaubad olema kahjustamata ja tagastatud originaalpakendis 14 p\u00e4eva jooksul alates ostukuup\u00e4evast.<\/p>\n\n\n\n<p>Tagasimaksed t\u00f6\u00f6deldakse p\u00e4rast tagastatud kaupade k\u00e4ttesaamist ja kontrollimist.<\/p>\n\n\n\n<p><span style=\"color: #000000;\">Saatmiskulud ei ole tagastatavad.<\/span><\/p>\n\n\n\n<p>N\u00f5uame, et k\u00f5ik tagastatud tooted oleksid originaalpakendis, sh pakendi ja siltidega. Me ei saa vastu v\u00f5tta kasutatud ega kahjustatud esemeid. Teil on vabadus valida toodete tagastamiseks vedaja ja te vastutate tagastuskulude eest.<\/p>\n\n\n\n<p>Kui oleme tagastatud kaubad k\u00e4tte saanud ja kontrollinud, tagastame raha 1-3 t\u00f6\u00f6p\u00e4eva jooksul. Kui tagasimakse on t\u00f6\u00f6deldud, saate meiliteate.<\/p>\n\n\n\n<p>Lisaks aktsepteerime vahetusi; aga sellega kaasnevad saatmiskulud.<\/p>\n\n\n\n<p>Kui teil on meie tagasimaksepoliitika kohta k\u00fcsimusi v\u00f5i muresid, v\u00f5tke abi saamiseks k\u00f5hklemata \u00fchendust meie klienditoe meeskonnaga.<\/p>\n\n\n\n<p><\/p>","protected":false},"excerpt":{"rendered":"<p>Solely to physical goods Items must be undamaged and returned in their original condition within 14 days of purchase to qualify for a refund. Refunds are processed once the returned items have been received and inspected. Shipping costs are non-refundable. We require that all returned products be in their original condition, including packaging and tags. [&hellip;]<\/p>\n","protected":false},"author":1,"featured_media":0,"parent":0,"menu_order":0,"comment_status":"closed","ping_status":"closed","template":"","meta":{"jetpack_post_was_ever_published":false,"footnotes":""},"class_list":["post-1148176","page","type-page","status-publish","hentry"],"jetpack_likes_enabled":false,"jetpack_sharing_enabled":true,"_links":{"self":[{"href":"https:\/\/virtualofficeinestonia.com\/et\/wp-json\/wp\/v2\/pages\/1148176","targetHints":{"allow":["GET"]}}],"collection":[{"href":"https:\/\/virtualofficeinestonia.com\/et\/wp-json\/wp\/v2\/pages"}],"about":[{"href":"https:\/\/virtualofficeinestonia.com\/et\/wp-json\/wp\/v2\/types\/page"}],"author":[{"embeddable":true,"href":"https:\/\/virtualofficeinestonia.com\/et\/wp-json\/wp\/v2\/users\/1"}],"replies":[{"embeddable":true,"href":"https:\/\/virtualofficeinestonia.com\/et\/wp-json\/wp\/v2\/comments?post=1148176"}],"version-history":[{"count":0,"href":"https:\/\/virtualofficeinestonia.com\/et\/wp-json\/wp\/v2\/pages\/1148176\/revisions"}],"wp:attachment":[{"href":"https:\/\/virtualofficeinestonia.com\/et\/wp-json\/wp\/v2\/media?parent=1148176"}],"curies":[{"name":"wp","href":"https:\/\/api.w.org\/{rel}","templated":true}]}}